{"id":8764,"date":"2025-06-18T14:47:58","date_gmt":"2025-06-18T12:47:58","guid":{"rendered":"https:\/\/indigobe.maki-group.mg\/etnico\/"},"modified":"2025-06-18T14:47:58","modified_gmt":"2025-06-18T12:47:58","slug":"etnico","status":"publish","type":"page","link":"https:\/\/www.indigobe.com\/en\/etnico\/","title":{"rendered":"Viajes \u00c9tnicos"},"content":{"rendered":"","protected":false},"excerpt":{"rendered":"","protected":false},"author":1,"featured_media":0,"parent":0,"menu_order":0,"comment_status":"closed","ping_status":"closed","template":"liste.php","meta":{"_acf_changed":false,"site-sidebar-layout":"default","site-content-layout":"default","ast-global-header-display":"","ast-main-header-display":"","ast-hfb-above-header-display":"","ast-hfb-below-header-display":"","ast-hfb-mobile-header-display":"","site-post-title":"","ast-breadcrumbs-content":"","ast-featured-img":"","footer-sml-layout":"","theme-transparent-header-meta":"default","adv-header-id-meta":"","stick-header-meta":"","header-above-stick-meta":"","header-main-stick-meta":"","header-below-stick-meta":"","footnotes":""},"class_list":["post-8764","page","type-page","status-publish","hentry"],"acf":[],"yoast_head":"<!-- This site is optimized with the Yoast SEO plugin v27.0 - https:\/\/yoast.com\/product\/yoast-seo-wordpress\/ -->\n<title>Inmersi\u00f3n Cultural - viajes \u00e9tnicos | Indigo Be Madagascar<\/title>\n<meta name=\"description\" content=\"Vive una inmersi\u00f3n cultural en tu viaje personalizado a Madagascar con Indigo Be. Poblados animistas Zafimaniry, Parque Nacionales, Tren de la Selva y m\u00e1s.\" \/>\n<meta name=\"robots\" content=\"index, follow, max-snippet:-1, max-image-preview:large, max-video-preview:-1\" \/>\n<link rel=\"canonical\" href=\"https:\/\/www.indigobe.com\/en\/wp-json\/wp\/v2\/pages\/8764\/\" \/>\n<meta property=\"og:locale\" content=\"en_US\" \/>\n<meta property=\"og:type\" content=\"article\" \/>\n<meta property=\"og:title\" content=\"Inmersi\u00f3n Cultural - viajes \u00e9tnicos | Indigo Be Madagascar\" \/>\n<meta property=\"og:description\" content=\"Vive una inmersi\u00f3n cultural en tu viaje personalizado a Madagascar con Indigo Be. Poblados animistas Zafimaniry, Parque Nacionales, Tren de la Selva y m\u00e1s.\" \/>\n<meta property=\"og:url\" content=\"https:\/\/www.indigobe.com\/en\/etnico\/\" \/>\n<meta property=\"og:site_name\" content=\"Indigobe\" \/>\n<meta name=\"twitter:card\" content=\"summary_large_image\" \/>\n<script type=\"application\/ld+json\" class=\"yoast-schema-graph\">{\"@context\":\"https:\/\/schema.org\",\"@graph\":[{\"@type\":\"WebPage\",\"@id\":\"https:\/\/www.indigobe.com\/en\/etnico\/\",\"url\":\"https:\/\/www.indigobe.com\/en\/etnico\/\",\"name\":\"Inmersi\u00f3n Cultural - viajes \u00e9tnicos | Indigo Be Madagascar\",\"isPartOf\":{\"@id\":\"https:\/\/www.indigobe.com\/en\/#website\"},\"datePublished\":\"2025-06-18T12:47:58+00:00\",\"description\":\"Vive una inmersi\u00f3n cultural en tu viaje personalizado a Madagascar con Indigo Be. Poblados animistas Zafimaniry, Parque Nacionales, Tren de la Selva y m\u00e1s.\",\"breadcrumb\":{\"@id\":\"https:\/\/www.indigobe.com\/en\/etnico\/#breadcrumb\"},\"inLanguage\":\"en-US\",\"potentialAction\":[{\"@type\":\"ReadAction\",\"target\":[\"https:\/\/www.indigobe.com\/en\/etnico\/\"]}]},{\"@type\":\"BreadcrumbList\",\"@id\":\"https:\/\/www.indigobe.com\/en\/etnico\/#breadcrumb\",\"itemListElement\":[{\"@type\":\"ListItem\",\"position\":1,\"name\":\"Blog\",\"item\":\"https:\/\/www.indigobe.com\/blog\/\"},{\"@type\":\"ListItem\",\"position\":2,\"name\":\"Viajes \u00c9tnicos\"}]},{\"@type\":\"WebSite\",\"@id\":\"https:\/\/www.indigobe.com\/en\/#website\",\"url\":\"https:\/\/www.indigobe.com\/en\/\",\"name\":\"Indigobe\",\"description\":\"\",\"publisher\":{\"@id\":\"https:\/\/www.indigobe.com\/en\/#organization\"},\"potentialAction\":[{\"@type\":\"SearchAction\",\"target\":{\"@type\":\"EntryPoint\",\"urlTemplate\":\"https:\/\/www.indigobe.com\/en\/?s={search_term_string}\"},\"query-input\":{\"@type\":\"PropertyValueSpecification\",\"valueRequired\":true,\"valueName\":\"search_term_string\"}}],\"inLanguage\":\"en-US\"},{\"@type\":\"Organization\",\"@id\":\"https:\/\/www.indigobe.com\/en\/#organization\",\"name\":\"Indigobe\",\"url\":\"https:\/\/www.indigobe.com\/en\/\",\"logo\":{\"@type\":\"ImageObject\",\"inLanguage\":\"en-US\",\"@id\":\"https:\/\/www.indigobe.com\/en\/#\/schema\/logo\/image\/\",\"url\":\"https:\/\/www.indigobe.com\/wp-content\/uploads\/2023\/01\/cropped-logo.png\",\"contentUrl\":\"https:\/\/www.indigobe.com\/wp-content\/uploads\/2023\/01\/cropped-logo.png\",\"width\":112,\"height\":74,\"caption\":\"Indigobe\"},\"image\":{\"@id\":\"https:\/\/www.indigobe.com\/en\/#\/schema\/logo\/image\/\"}}]}<\/script>\n<!-- \/ Yoast SEO plugin. -->","yoast_head_json":{"title":"Inmersi\u00f3n Cultural - viajes \u00e9tnicos | Indigo Be Madagascar","description":"Vive una inmersi\u00f3n cultural en tu viaje personalizado a Madagascar con Indigo Be. Poblados animistas Zafimaniry, Parque Nacionales, Tren de la Selva y m\u00e1s.","robots":{"index":"index","follow":"follow","max-snippet":"max-snippet:-1","max-image-preview":"max-image-preview:large","max-video-preview":"max-video-preview:-1"},"canonical":"https:\/\/www.indigobe.com\/en\/wp-json\/wp\/v2\/pages\/8764\/","og_locale":"en_US","og_type":"article","og_title":"Inmersi\u00f3n Cultural - viajes \u00e9tnicos | Indigo Be Madagascar","og_description":"Vive una inmersi\u00f3n cultural en tu viaje personalizado a Madagascar con Indigo Be. Poblados animistas Zafimaniry, Parque Nacionales, Tren de la Selva y m\u00e1s.","og_url":"https:\/\/www.indigobe.com\/en\/etnico\/","og_site_name":"Indigobe","twitter_card":"summary_large_image","schema":{"@context":"https:\/\/schema.org","@graph":[{"@type":"WebPage","@id":"https:\/\/www.indigobe.com\/en\/etnico\/","url":"https:\/\/www.indigobe.com\/en\/etnico\/","name":"Inmersi\u00f3n Cultural - viajes \u00e9tnicos | Indigo Be Madagascar","isPartOf":{"@id":"https:\/\/www.indigobe.com\/en\/#website"},"datePublished":"2025-06-18T12:47:58+00:00","description":"Vive una inmersi\u00f3n cultural en tu viaje personalizado a Madagascar con Indigo Be. Poblados animistas Zafimaniry, Parque Nacionales, Tren de la Selva y m\u00e1s.","breadcrumb":{"@id":"https:\/\/www.indigobe.com\/en\/etnico\/#breadcrumb"},"inLanguage":"en-US","potentialAction":[{"@type":"ReadAction","target":["https:\/\/www.indigobe.com\/en\/etnico\/"]}]},{"@type":"BreadcrumbList","@id":"https:\/\/www.indigobe.com\/en\/etnico\/#breadcrumb","itemListElement":[{"@type":"ListItem","position":1,"name":"Blog","item":"https:\/\/www.indigobe.com\/blog\/"},{"@type":"ListItem","position":2,"name":"Viajes \u00c9tnicos"}]},{"@type":"WebSite","@id":"https:\/\/www.indigobe.com\/en\/#website","url":"https:\/\/www.indigobe.com\/en\/","name":"Indigobe","description":"","publisher":{"@id":"https:\/\/www.indigobe.com\/en\/#organization"},"potentialAction":[{"@type":"SearchAction","target":{"@type":"EntryPoint","urlTemplate":"https:\/\/www.indigobe.com\/en\/?s={search_term_string}"},"query-input":{"@type":"PropertyValueSpecification","valueRequired":true,"valueName":"search_term_string"}}],"inLanguage":"en-US"},{"@type":"Organization","@id":"https:\/\/www.indigobe.com\/en\/#organization","name":"Indigobe","url":"https:\/\/www.indigobe.com\/en\/","logo":{"@type":"ImageObject","inLanguage":"en-US","@id":"https:\/\/www.indigobe.com\/en\/#\/schema\/logo\/image\/","url":"https:\/\/www.indigobe.com\/wp-content\/uploads\/2023\/01\/cropped-logo.png","contentUrl":"https:\/\/www.indigobe.com\/wp-content\/uploads\/2023\/01\/cropped-logo.png","width":112,"height":74,"caption":"Indigobe"},"image":{"@id":"https:\/\/www.indigobe.com\/en\/#\/schema\/logo\/image\/"}}]}},"_links":{"self":[{"href":"https:\/\/www.indigobe.com\/en\/wp-json\/wp\/v2\/pages\/8764","targetHints":{"allow":["GET"]}}],"collection":[{"href":"https:\/\/www.indigobe.com\/en\/wp-json\/wp\/v2\/pages"}],"about":[{"href":"https:\/\/www.indigobe.com\/en\/wp-json\/wp\/v2\/types\/page"}],"author":[{"embeddable":true,"href":"https:\/\/www.indigobe.com\/en\/wp-json\/wp\/v2\/users\/1"}],"replies":[{"embeddable":true,"href":"https:\/\/www.indigobe.com\/en\/wp-json\/wp\/v2\/comments?post=8764"}],"version-history":[{"count":0,"href":"https:\/\/www.indigobe.com\/en\/wp-json\/wp\/v2\/pages\/8764\/revisions"}],"wp:attachment":[{"href":"https:\/\/www.indigobe.com\/en\/wp-json\/wp\/v2\/media?parent=8764"}],"curies":[{"name":"wp","href":"https:\/\/api.w.org\/{rel}","templated":true}]}}