{"id":8668,"date":"2025-06-05T16:48:04","date_gmt":"2025-06-05T14:48:04","guid":{"rendered":"https:\/\/indigobe.maki-group.mg\/madagascar\/este\/"},"modified":"2026-04-09T19:46:55","modified_gmt":"2026-04-09T17:46:55","slug":"este","status":"publish","type":"page","link":"https:\/\/www.indigobe.com\/fr\/madagascar\/este\/","title":{"rendered":"cette"},"content":{"rendered":"","protected":false},"excerpt":{"rendered":"","protected":false},"author":1,"featured_media":0,"parent":8659,"menu_order":0,"comment_status":"closed","ping_status":"closed","template":"liste.php","meta":{"_acf_changed":false,"site-sidebar-layout":"default","site-content-layout":"default","ast-global-header-display":"","ast-main-header-display":"","ast-hfb-above-header-display":"","ast-hfb-below-header-display":"","ast-hfb-mobile-header-display":"","site-post-title":"","ast-breadcrumbs-content":"","ast-featured-img":"","footer-sml-layout":"","theme-transparent-header-meta":"default","adv-header-id-meta":"","stick-header-meta":"","header-above-stick-meta":"","header-main-stick-meta":"","header-below-stick-meta":"","footnotes":""},"class_list":["post-8668","page","type-page","status-publish","hentry"],"acf":[],"yoast_head":"<!-- This site is optimized with the Yoast SEO plugin v27.0 - https:\/\/yoast.com\/product\/yoast-seo-wordpress\/ -->\n<title>Voyage \u00e0 l&#039;est de Madagascar : Indigo Be Travel Agency<\/title>\n<meta name=\"description\" content=\"Voyagez \u00e0 l&#039;est de Madagascar avec Indigo Be : For\u00eat tropicale, parcs nationaux, faune end\u00e9mique et aventures uniques - V\u00e9rifiez les d\u00e9parts et les tarifs !\" \/>\n<meta name=\"robots\" content=\"index, follow, max-snippet:-1, max-image-preview:large, max-video-preview:-1\" \/>\n<link rel=\"canonical\" href=\"https:\/\/www.indigobe.com\/fr\/wp-json\/wp\/v2\/pages\/8668\/\" \/>\n<meta property=\"og:locale\" content=\"fr_FR\" \/>\n<meta property=\"og:type\" content=\"article\" \/>\n<meta property=\"og:title\" content=\"Voyage \u00e0 l&#039;est de Madagascar : Indigo Be Travel Agency\" \/>\n<meta property=\"og:description\" content=\"Voyagez \u00e0 l&#039;est de Madagascar avec Indigo Be : For\u00eat tropicale, parcs nationaux, faune end\u00e9mique et aventures uniques - V\u00e9rifiez les d\u00e9parts et les tarifs !\" \/>\n<meta property=\"og:url\" content=\"https:\/\/www.indigobe.com\/fr\/madagascar\/este\/\" \/>\n<meta property=\"og:site_name\" content=\"Indigobe\" \/>\n<meta property=\"article:modified_time\" content=\"2026-04-09T17:46:55+00:00\" \/>\n<meta name=\"twitter:card\" content=\"summary_large_image\" \/>\n<script type=\"application\/ld+json\" class=\"yoast-schema-graph\">{\"@context\":\"https:\/\/schema.org\",\"@graph\":[{\"@type\":\"WebPage\",\"@id\":\"https:\/\/www.indigobe.com\/fr\/madagascar\/este\/\",\"url\":\"https:\/\/www.indigobe.com\/fr\/madagascar\/este\/\",\"name\":\"Voyage \u00e0 l'est de Madagascar : Indigo Be Travel Agency\",\"isPartOf\":{\"@id\":\"https:\/\/www.indigobe.com\/fr\/#website\"},\"datePublished\":\"2025-06-05T14:48:04+00:00\",\"dateModified\":\"2026-04-09T17:46:55+00:00\",\"description\":\"Voyagez \u00e0 l'est de Madagascar avec Indigo Be : For\u00eat tropicale, parcs nationaux, faune end\u00e9mique et aventures uniques - V\u00e9rifiez les d\u00e9parts et les tarifs !\",\"breadcrumb\":{\"@id\":\"https:\/\/www.indigobe.com\/fr\/madagascar\/este\/#breadcrumb\"},\"inLanguage\":\"fr-FR\",\"potentialAction\":[{\"@type\":\"ReadAction\",\"target\":[\"https:\/\/www.indigobe.com\/fr\/madagascar\/este\/\"]}]},{\"@type\":\"BreadcrumbList\",\"@id\":\"https:\/\/www.indigobe.com\/fr\/madagascar\/este\/#breadcrumb\",\"itemListElement\":[{\"@type\":\"ListItem\",\"position\":1,\"name\":\"Blog\",\"item\":\"https:\/\/www.indigobe.com\/blog\/\"},{\"@type\":\"ListItem\",\"position\":2,\"name\":\"Madagascar\",\"item\":\"https:\/\/www.indigobe.com\/fr\/madagascar\/\"},{\"@type\":\"ListItem\",\"position\":3,\"name\":\"cette\"}]},{\"@type\":\"WebSite\",\"@id\":\"https:\/\/www.indigobe.com\/fr\/#website\",\"url\":\"https:\/\/www.indigobe.com\/fr\/\",\"name\":\"Indigobe\",\"description\":\"\",\"publisher\":{\"@id\":\"https:\/\/www.indigobe.com\/fr\/#organization\"},\"potentialAction\":[{\"@type\":\"SearchAction\",\"target\":{\"@type\":\"EntryPoint\",\"urlTemplate\":\"https:\/\/www.indigobe.com\/fr\/?s={search_term_string}\"},\"query-input\":{\"@type\":\"PropertyValueSpecification\",\"valueRequired\":true,\"valueName\":\"search_term_string\"}}],\"inLanguage\":\"fr-FR\"},{\"@type\":\"Organization\",\"@id\":\"https:\/\/www.indigobe.com\/fr\/#organization\",\"name\":\"Indigobe\",\"url\":\"https:\/\/www.indigobe.com\/fr\/\",\"logo\":{\"@type\":\"ImageObject\",\"inLanguage\":\"fr-FR\",\"@id\":\"https:\/\/www.indigobe.com\/fr\/#\/schema\/logo\/image\/\",\"url\":\"https:\/\/www.indigobe.com\/wp-content\/uploads\/2023\/01\/cropped-logo.png\",\"contentUrl\":\"https:\/\/www.indigobe.com\/wp-content\/uploads\/2023\/01\/cropped-logo.png\",\"width\":112,\"height\":74,\"caption\":\"Indigobe\"},\"image\":{\"@id\":\"https:\/\/www.indigobe.com\/fr\/#\/schema\/logo\/image\/\"}}]}<\/script>\n<!-- \/ Yoast SEO plugin. -->","yoast_head_json":{"title":"Voyage \u00e0 l'est de Madagascar : Indigo Be Travel Agency","description":"Voyagez \u00e0 l'est de Madagascar avec Indigo Be : For\u00eat tropicale, parcs nationaux, faune end\u00e9mique et aventures uniques - V\u00e9rifiez les d\u00e9parts et les tarifs !","robots":{"index":"index","follow":"follow","max-snippet":"max-snippet:-1","max-image-preview":"max-image-preview:large","max-video-preview":"max-video-preview:-1"},"canonical":"https:\/\/www.indigobe.com\/fr\/wp-json\/wp\/v2\/pages\/8668\/","og_locale":"fr_FR","og_type":"article","og_title":"Voyage \u00e0 l'est de Madagascar : Indigo Be Travel Agency","og_description":"Voyagez \u00e0 l'est de Madagascar avec Indigo Be : For\u00eat tropicale, parcs nationaux, faune end\u00e9mique et aventures uniques - V\u00e9rifiez les d\u00e9parts et les tarifs !","og_url":"https:\/\/www.indigobe.com\/fr\/madagascar\/este\/","og_site_name":"Indigobe","article_modified_time":"2026-04-09T17:46:55+00:00","twitter_card":"summary_large_image","schema":{"@context":"https:\/\/schema.org","@graph":[{"@type":"WebPage","@id":"https:\/\/www.indigobe.com\/fr\/madagascar\/este\/","url":"https:\/\/www.indigobe.com\/fr\/madagascar\/este\/","name":"Voyage \u00e0 l'est de Madagascar : Indigo Be Travel Agency","isPartOf":{"@id":"https:\/\/www.indigobe.com\/fr\/#website"},"datePublished":"2025-06-05T14:48:04+00:00","dateModified":"2026-04-09T17:46:55+00:00","description":"Voyagez \u00e0 l'est de Madagascar avec Indigo Be : For\u00eat tropicale, parcs nationaux, faune end\u00e9mique et aventures uniques - V\u00e9rifiez les d\u00e9parts et les tarifs !","breadcrumb":{"@id":"https:\/\/www.indigobe.com\/fr\/madagascar\/este\/#breadcrumb"},"inLanguage":"fr-FR","potentialAction":[{"@type":"ReadAction","target":["https:\/\/www.indigobe.com\/fr\/madagascar\/este\/"]}]},{"@type":"BreadcrumbList","@id":"https:\/\/www.indigobe.com\/fr\/madagascar\/este\/#breadcrumb","itemListElement":[{"@type":"ListItem","position":1,"name":"Blog","item":"https:\/\/www.indigobe.com\/blog\/"},{"@type":"ListItem","position":2,"name":"Madagascar","item":"https:\/\/www.indigobe.com\/fr\/madagascar\/"},{"@type":"ListItem","position":3,"name":"cette"}]},{"@type":"WebSite","@id":"https:\/\/www.indigobe.com\/fr\/#website","url":"https:\/\/www.indigobe.com\/fr\/","name":"Indigobe","description":"","publisher":{"@id":"https:\/\/www.indigobe.com\/fr\/#organization"},"potentialAction":[{"@type":"SearchAction","target":{"@type":"EntryPoint","urlTemplate":"https:\/\/www.indigobe.com\/fr\/?s={search_term_string}"},"query-input":{"@type":"PropertyValueSpecification","valueRequired":true,"valueName":"search_term_string"}}],"inLanguage":"fr-FR"},{"@type":"Organization","@id":"https:\/\/www.indigobe.com\/fr\/#organization","name":"Indigobe","url":"https:\/\/www.indigobe.com\/fr\/","logo":{"@type":"ImageObject","inLanguage":"fr-FR","@id":"https:\/\/www.indigobe.com\/fr\/#\/schema\/logo\/image\/","url":"https:\/\/www.indigobe.com\/wp-content\/uploads\/2023\/01\/cropped-logo.png","contentUrl":"https:\/\/www.indigobe.com\/wp-content\/uploads\/2023\/01\/cropped-logo.png","width":112,"height":74,"caption":"Indigobe"},"image":{"@id":"https:\/\/www.indigobe.com\/fr\/#\/schema\/logo\/image\/"}}]}},"_links":{"self":[{"href":"https:\/\/www.indigobe.com\/fr\/wp-json\/wp\/v2\/pages\/8668","targetHints":{"allow":["GET"]}}],"collection":[{"href":"https:\/\/www.indigobe.com\/fr\/wp-json\/wp\/v2\/pages"}],"about":[{"href":"https:\/\/www.indigobe.com\/fr\/wp-json\/wp\/v2\/types\/page"}],"author":[{"embeddable":true,"href":"https:\/\/www.indigobe.com\/fr\/wp-json\/wp\/v2\/users\/1"}],"replies":[{"embeddable":true,"href":"https:\/\/www.indigobe.com\/fr\/wp-json\/wp\/v2\/comments?post=8668"}],"version-history":[{"count":1,"href":"https:\/\/www.indigobe.com\/fr\/wp-json\/wp\/v2\/pages\/8668\/revisions"}],"predecessor-version":[{"id":11710,"href":"https:\/\/www.indigobe.com\/fr\/wp-json\/wp\/v2\/pages\/8668\/revisions\/11710"}],"up":[{"embeddable":true,"href":"https:\/\/www.indigobe.com\/fr\/wp-json\/wp\/v2\/pages\/8659"}],"wp:attachment":[{"href":"https:\/\/www.indigobe.com\/fr\/wp-json\/wp\/v2\/media?parent=8668"}],"curies":[{"name":"wp","href":"https:\/\/api.w.org\/{rel}","templated":true}]}}