{"id":8705,"date":"2025-06-12T17:12:48","date_gmt":"2025-06-12T15:12:48","guid":{"rendered":"https:\/\/indigobe.maki-group.mg\/nosy-komba\/"},"modified":"2026-04-09T19:42:56","modified_gmt":"2026-04-09T17:42:56","slug":"nosy-komba","status":"publish","type":"page","link":"https:\/\/www.indigobe.com\/pt\/nosy-komba\/","title":{"rendered":"Nosy Komba"},"content":{"rendered":"","protected":false},"excerpt":{"rendered":"","protected":false},"author":1,"featured_media":0,"parent":0,"menu_order":0,"comment_status":"closed","ping_status":"closed","template":"liste.php","meta":{"_acf_changed":false,"site-sidebar-layout":"default","site-content-layout":"default","ast-global-header-display":"","ast-main-header-display":"","ast-hfb-above-header-display":"","ast-hfb-below-header-display":"","ast-hfb-mobile-header-display":"","site-post-title":"","ast-breadcrumbs-content":"","ast-featured-img":"","footer-sml-layout":"","theme-transparent-header-meta":"default","adv-header-id-meta":"","stick-header-meta":"","header-above-stick-meta":"","header-main-stick-meta":"","header-below-stick-meta":"","footnotes":""},"class_list":["post-8705","page","type-page","status-publish","hentry"],"acf":[],"yoast_head":"<!-- This site is optimized with the Yoast SEO plugin v27.0 - https:\/\/yoast.com\/product\/yoast-seo-wordpress\/ -->\n<title>Viaje para Nosy Komba | Indigo Be Madagascar<\/title>\n<meta name=\"description\" content=\"Viaja para Nosy Komba, ilha dos l\u00e9mures em Madag\u00e1scar. Viaja \u00e0 medida, em grupo e para todo o tipo de turismo. Solicita + informa\u00e7\u00f5es na Indigo Be!\" \/>\n<meta name=\"robots\" content=\"index, follow, max-snippet:-1, max-image-preview:large, max-video-preview:-1\" \/>\n<link rel=\"canonical\" href=\"https:\/\/www.indigobe.com\/pt\/wp-json\/wp\/v2\/pages\/8705\/\" \/>\n<meta property=\"og:locale\" content=\"pt_PT\" \/>\n<meta property=\"og:type\" content=\"article\" \/>\n<meta property=\"og:title\" content=\"Viaje para Nosy Komba | Indigo Be Madagascar\" \/>\n<meta property=\"og:description\" content=\"Viaja para Nosy Komba, ilha dos l\u00e9mures em Madag\u00e1scar. Viaja \u00e0 medida, em grupo e para todo o tipo de turismo. Solicita + informa\u00e7\u00f5es na Indigo Be!\" \/>\n<meta property=\"og:url\" content=\"https:\/\/www.indigobe.com\/pt\/nosy-komba\/\" \/>\n<meta property=\"og:site_name\" content=\"Indigobe\" \/>\n<meta property=\"article:modified_time\" content=\"2026-04-09T17:42:56+00:00\" \/>\n<meta name=\"twitter:card\" content=\"summary_large_image\" \/>\n<script type=\"application\/ld+json\" class=\"yoast-schema-graph\">{\"@context\":\"https:\/\/schema.org\",\"@graph\":[{\"@type\":\"WebPage\",\"@id\":\"https:\/\/www.indigobe.com\/pt\/nosy-komba\/\",\"url\":\"https:\/\/www.indigobe.com\/pt\/nosy-komba\/\",\"name\":\"Viaje para Nosy Komba | Indigo Be Madagascar\",\"isPartOf\":{\"@id\":\"https:\/\/www.indigobe.com\/pt\/#website\"},\"datePublished\":\"2025-06-12T15:12:48+00:00\",\"dateModified\":\"2026-04-09T17:42:56+00:00\",\"description\":\"Viaja para Nosy Komba, ilha dos l\u00e9mures em Madag\u00e1scar. Viaja \u00e0 medida, em grupo e para todo o tipo de turismo. Solicita + informa\u00e7\u00f5es na Indigo Be!\",\"breadcrumb\":{\"@id\":\"https:\/\/www.indigobe.com\/pt\/nosy-komba\/#breadcrumb\"},\"inLanguage\":\"pt-PT\",\"potentialAction\":[{\"@type\":\"ReadAction\",\"target\":[\"https:\/\/www.indigobe.com\/pt\/nosy-komba\/\"]}]},{\"@type\":\"BreadcrumbList\",\"@id\":\"https:\/\/www.indigobe.com\/pt\/nosy-komba\/#breadcrumb\",\"itemListElement\":[{\"@type\":\"ListItem\",\"position\":1,\"name\":\"Blog\",\"item\":\"https:\/\/www.indigobe.com\/pt\/blog\/\"},{\"@type\":\"ListItem\",\"position\":2,\"name\":\"Nosy Komba\"}]},{\"@type\":\"WebSite\",\"@id\":\"https:\/\/www.indigobe.com\/pt\/#website\",\"url\":\"https:\/\/www.indigobe.com\/pt\/\",\"name\":\"Indigobe\",\"description\":\"\",\"publisher\":{\"@id\":\"https:\/\/www.indigobe.com\/pt\/#organization\"},\"potentialAction\":[{\"@type\":\"SearchAction\",\"target\":{\"@type\":\"EntryPoint\",\"urlTemplate\":\"https:\/\/www.indigobe.com\/pt\/?s={search_term_string}\"},\"query-input\":{\"@type\":\"PropertyValueSpecification\",\"valueRequired\":true,\"valueName\":\"search_term_string\"}}],\"inLanguage\":\"pt-PT\"},{\"@type\":\"Organization\",\"@id\":\"https:\/\/www.indigobe.com\/pt\/#organization\",\"name\":\"Indigobe\",\"url\":\"https:\/\/www.indigobe.com\/pt\/\",\"logo\":{\"@type\":\"ImageObject\",\"inLanguage\":\"pt-PT\",\"@id\":\"https:\/\/www.indigobe.com\/pt\/#\/schema\/logo\/image\/\",\"url\":\"https:\/\/www.indigobe.com\/wp-content\/uploads\/2023\/01\/cropped-logo.png\",\"contentUrl\":\"https:\/\/www.indigobe.com\/wp-content\/uploads\/2023\/01\/cropped-logo.png\",\"width\":112,\"height\":74,\"caption\":\"Indigobe\"},\"image\":{\"@id\":\"https:\/\/www.indigobe.com\/pt\/#\/schema\/logo\/image\/\"}}]}<\/script>\n<!-- \/ Yoast SEO plugin. -->","yoast_head_json":{"title":"Viaje para Nosy Komba | Indigo Be Madagascar","description":"Viaja para Nosy Komba, ilha dos l\u00e9mures em Madag\u00e1scar. Viaja \u00e0 medida, em grupo e para todo o tipo de turismo. Solicita + informa\u00e7\u00f5es na Indigo Be!","robots":{"index":"index","follow":"follow","max-snippet":"max-snippet:-1","max-image-preview":"max-image-preview:large","max-video-preview":"max-video-preview:-1"},"canonical":"https:\/\/www.indigobe.com\/pt\/wp-json\/wp\/v2\/pages\/8705\/","og_locale":"pt_PT","og_type":"article","og_title":"Viaje para Nosy Komba | Indigo Be Madagascar","og_description":"Viaja para Nosy Komba, ilha dos l\u00e9mures em Madag\u00e1scar. Viaja \u00e0 medida, em grupo e para todo o tipo de turismo. Solicita + informa\u00e7\u00f5es na Indigo Be!","og_url":"https:\/\/www.indigobe.com\/pt\/nosy-komba\/","og_site_name":"Indigobe","article_modified_time":"2026-04-09T17:42:56+00:00","twitter_card":"summary_large_image","schema":{"@context":"https:\/\/schema.org","@graph":[{"@type":"WebPage","@id":"https:\/\/www.indigobe.com\/pt\/nosy-komba\/","url":"https:\/\/www.indigobe.com\/pt\/nosy-komba\/","name":"Viaje para Nosy Komba | Indigo Be Madagascar","isPartOf":{"@id":"https:\/\/www.indigobe.com\/pt\/#website"},"datePublished":"2025-06-12T15:12:48+00:00","dateModified":"2026-04-09T17:42:56+00:00","description":"Viaja para Nosy Komba, ilha dos l\u00e9mures em Madag\u00e1scar. Viaja \u00e0 medida, em grupo e para todo o tipo de turismo. Solicita + informa\u00e7\u00f5es na Indigo Be!","breadcrumb":{"@id":"https:\/\/www.indigobe.com\/pt\/nosy-komba\/#breadcrumb"},"inLanguage":"pt-PT","potentialAction":[{"@type":"ReadAction","target":["https:\/\/www.indigobe.com\/pt\/nosy-komba\/"]}]},{"@type":"BreadcrumbList","@id":"https:\/\/www.indigobe.com\/pt\/nosy-komba\/#breadcrumb","itemListElement":[{"@type":"ListItem","position":1,"name":"Blog","item":"https:\/\/www.indigobe.com\/pt\/blog\/"},{"@type":"ListItem","position":2,"name":"Nosy Komba"}]},{"@type":"WebSite","@id":"https:\/\/www.indigobe.com\/pt\/#website","url":"https:\/\/www.indigobe.com\/pt\/","name":"Indigobe","description":"","publisher":{"@id":"https:\/\/www.indigobe.com\/pt\/#organization"},"potentialAction":[{"@type":"SearchAction","target":{"@type":"EntryPoint","urlTemplate":"https:\/\/www.indigobe.com\/pt\/?s={search_term_string}"},"query-input":{"@type":"PropertyValueSpecification","valueRequired":true,"valueName":"search_term_string"}}],"inLanguage":"pt-PT"},{"@type":"Organization","@id":"https:\/\/www.indigobe.com\/pt\/#organization","name":"Indigobe","url":"https:\/\/www.indigobe.com\/pt\/","logo":{"@type":"ImageObject","inLanguage":"pt-PT","@id":"https:\/\/www.indigobe.com\/pt\/#\/schema\/logo\/image\/","url":"https:\/\/www.indigobe.com\/wp-content\/uploads\/2023\/01\/cropped-logo.png","contentUrl":"https:\/\/www.indigobe.com\/wp-content\/uploads\/2023\/01\/cropped-logo.png","width":112,"height":74,"caption":"Indigobe"},"image":{"@id":"https:\/\/www.indigobe.com\/pt\/#\/schema\/logo\/image\/"}}]}},"_links":{"self":[{"href":"https:\/\/www.indigobe.com\/pt\/wp-json\/wp\/v2\/pages\/8705","targetHints":{"allow":["GET"]}}],"collection":[{"href":"https:\/\/www.indigobe.com\/pt\/wp-json\/wp\/v2\/pages"}],"about":[{"href":"https:\/\/www.indigobe.com\/pt\/wp-json\/wp\/v2\/types\/page"}],"author":[{"embeddable":true,"href":"https:\/\/www.indigobe.com\/pt\/wp-json\/wp\/v2\/users\/1"}],"replies":[{"embeddable":true,"href":"https:\/\/www.indigobe.com\/pt\/wp-json\/wp\/v2\/comments?post=8705"}],"version-history":[{"count":1,"href":"https:\/\/www.indigobe.com\/pt\/wp-json\/wp\/v2\/pages\/8705\/revisions"}],"predecessor-version":[{"id":11679,"href":"https:\/\/www.indigobe.com\/pt\/wp-json\/wp\/v2\/pages\/8705\/revisions\/11679"}],"wp:attachment":[{"href":"https:\/\/www.indigobe.com\/pt\/wp-json\/wp\/v2\/media?parent=8705"}],"curies":[{"name":"wp","href":"https:\/\/api.w.org\/{rel}","templated":true}]}}