{"id":9939,"date":"2023-01-23T09:56:53","date_gmt":"2023-01-23T08:56:53","guid":{"rendered":"https:\/\/indigobe.maki-group.mg\/accueil\/"},"modified":"2026-04-09T19:41:14","modified_gmt":"2026-04-09T17:41:14","slug":"accueil","status":"publish","type":"page","link":"https:\/\/www.indigobe.com\/pt\/","title":{"rendered":"Casa"},"content":{"rendered":"","protected":false},"excerpt":{"rendered":"","protected":false},"author":1,"featured_media":0,"parent":0,"menu_order":0,"comment_status":"closed","ping_status":"closed","template":"accueil.php","meta":{"_acf_changed":false,"site-sidebar-layout":"default","site-content-layout":"default","ast-global-header-display":"","ast-main-header-display":"","ast-hfb-above-header-display":"","ast-hfb-below-header-display":"","ast-hfb-mobile-header-display":"","site-post-title":"","ast-breadcrumbs-content":"","ast-featured-img":"","footer-sml-layout":"","theme-transparent-header-meta":"default","adv-header-id-meta":"","stick-header-meta":"","header-above-stick-meta":"","header-main-stick-meta":"","header-below-stick-meta":"","footnotes":""},"class_list":["post-9939","page","type-page","status-publish","hentry"],"acf":[],"yoast_head":"<!-- This site is optimized with the Yoast SEO plugin v27.0 - https:\/\/yoast.com\/product\/yoast-seo-wordpress\/ -->\n<title>Madag\u00e1scar Ag\u00eancia de Viagens - Indigo Be - Partidas 2026<\/title>\n<meta name=\"description\" content=\"Especialistas em viagens \u00e0 medida, aventura, luas-de-mel, vida selvagem, luxo e muito mais. Indigo Be, 20 anos de experi\u00eancia em Madag\u00e1scar.\" \/>\n<meta name=\"robots\" content=\"index, follow, max-snippet:-1, max-image-preview:large, max-video-preview:-1\" \/>\n<link rel=\"canonical\" href=\"https:\/\/www.indigobe.com\/pt\/wp-json\/wp\/v2\/pages\/9939\/\" \/>\n<meta property=\"og:locale\" content=\"pt_PT\" \/>\n<meta property=\"og:type\" content=\"article\" \/>\n<meta property=\"og:title\" content=\"Madag\u00e1scar Ag\u00eancia de Viagens - Indigo Be - Partidas 2026\" \/>\n<meta property=\"og:description\" content=\"Especialistas em viagens \u00e0 medida, aventura, luas-de-mel, vida selvagem, luxo e muito mais. Indigo Be, 20 anos de experi\u00eancia em Madag\u00e1scar.\" \/>\n<meta property=\"og:url\" content=\"https:\/\/www.indigobe.com\/pt\/\" \/>\n<meta property=\"og:site_name\" content=\"Indigobe\" \/>\n<meta property=\"article:modified_time\" content=\"2026-04-09T17:41:14+00:00\" \/>\n<meta name=\"twitter:card\" content=\"summary_large_image\" \/>\n<script type=\"application\/ld+json\" class=\"yoast-schema-graph\">{\"@context\":\"https:\/\/schema.org\",\"@graph\":[{\"@type\":\"WebPage\",\"@id\":\"https:\/\/www.indigobe.com\/pt\/\",\"url\":\"https:\/\/www.indigobe.com\/pt\/\",\"name\":\"Madag\u00e1scar Ag\u00eancia de Viagens - Indigo Be - Partidas 2026\",\"isPartOf\":{\"@id\":\"https:\/\/www.indigobe.com\/pt\/#website\"},\"datePublished\":\"2023-01-23T08:56:53+00:00\",\"dateModified\":\"2026-04-09T17:41:14+00:00\",\"description\":\"Especialistas em viagens \u00e0 medida, aventura, luas-de-mel, vida selvagem, luxo e muito mais. Indigo Be, 20 anos de experi\u00eancia em Madag\u00e1scar.\",\"breadcrumb\":{\"@id\":\"https:\/\/www.indigobe.com\/pt\/#breadcrumb\"},\"inLanguage\":\"pt-PT\",\"potentialAction\":[{\"@type\":\"ReadAction\",\"target\":[\"https:\/\/www.indigobe.com\/pt\/\"]}]},{\"@type\":\"BreadcrumbList\",\"@id\":\"https:\/\/www.indigobe.com\/pt\/#breadcrumb\",\"itemListElement\":[{\"@type\":\"ListItem\",\"position\":1,\"name\":\"Blog\",\"item\":\"https:\/\/www.indigobe.com\/blog\/\"},{\"@type\":\"ListItem\",\"position\":2,\"name\":\"Casa\"}]},{\"@type\":\"WebSite\",\"@id\":\"https:\/\/www.indigobe.com\/pt\/#website\",\"url\":\"https:\/\/www.indigobe.com\/pt\/\",\"name\":\"Indigobe\",\"description\":\"\",\"publisher\":{\"@id\":\"https:\/\/www.indigobe.com\/pt\/#organization\"},\"potentialAction\":[{\"@type\":\"SearchAction\",\"target\":{\"@type\":\"EntryPoint\",\"urlTemplate\":\"https:\/\/www.indigobe.com\/pt\/?s={search_term_string}\"},\"query-input\":{\"@type\":\"PropertyValueSpecification\",\"valueRequired\":true,\"valueName\":\"search_term_string\"}}],\"inLanguage\":\"pt-PT\"},{\"@type\":\"Organization\",\"@id\":\"https:\/\/www.indigobe.com\/pt\/#organization\",\"name\":\"Indigobe\",\"url\":\"https:\/\/www.indigobe.com\/pt\/\",\"logo\":{\"@type\":\"ImageObject\",\"inLanguage\":\"pt-PT\",\"@id\":\"https:\/\/www.indigobe.com\/pt\/#\/schema\/logo\/image\/\",\"url\":\"https:\/\/www.indigobe.com\/wp-content\/uploads\/2023\/01\/cropped-logo.png\",\"contentUrl\":\"https:\/\/www.indigobe.com\/wp-content\/uploads\/2023\/01\/cropped-logo.png\",\"width\":112,\"height\":74,\"caption\":\"Indigobe\"},\"image\":{\"@id\":\"https:\/\/www.indigobe.com\/pt\/#\/schema\/logo\/image\/\"}}]}<\/script>\n<!-- \/ Yoast SEO plugin. -->","yoast_head_json":{"title":"Madag\u00e1scar Ag\u00eancia de Viagens - Indigo Be - Partidas 2026","description":"Especialistas em viagens \u00e0 medida, aventura, luas-de-mel, vida selvagem, luxo e muito mais. Indigo Be, 20 anos de experi\u00eancia em Madag\u00e1scar.","robots":{"index":"index","follow":"follow","max-snippet":"max-snippet:-1","max-image-preview":"max-image-preview:large","max-video-preview":"max-video-preview:-1"},"canonical":"https:\/\/www.indigobe.com\/pt\/wp-json\/wp\/v2\/pages\/9939\/","og_locale":"pt_PT","og_type":"article","og_title":"Madag\u00e1scar Ag\u00eancia de Viagens - Indigo Be - Partidas 2026","og_description":"Especialistas em viagens \u00e0 medida, aventura, luas-de-mel, vida selvagem, luxo e muito mais. Indigo Be, 20 anos de experi\u00eancia em Madag\u00e1scar.","og_url":"https:\/\/www.indigobe.com\/pt\/","og_site_name":"Indigobe","article_modified_time":"2026-04-09T17:41:14+00:00","twitter_card":"summary_large_image","schema":{"@context":"https:\/\/schema.org","@graph":[{"@type":"WebPage","@id":"https:\/\/www.indigobe.com\/pt\/","url":"https:\/\/www.indigobe.com\/pt\/","name":"Madag\u00e1scar Ag\u00eancia de Viagens - Indigo Be - Partidas 2026","isPartOf":{"@id":"https:\/\/www.indigobe.com\/pt\/#website"},"datePublished":"2023-01-23T08:56:53+00:00","dateModified":"2026-04-09T17:41:14+00:00","description":"Especialistas em viagens \u00e0 medida, aventura, luas-de-mel, vida selvagem, luxo e muito mais. Indigo Be, 20 anos de experi\u00eancia em Madag\u00e1scar.","breadcrumb":{"@id":"https:\/\/www.indigobe.com\/pt\/#breadcrumb"},"inLanguage":"pt-PT","potentialAction":[{"@type":"ReadAction","target":["https:\/\/www.indigobe.com\/pt\/"]}]},{"@type":"BreadcrumbList","@id":"https:\/\/www.indigobe.com\/pt\/#breadcrumb","itemListElement":[{"@type":"ListItem","position":1,"name":"Blog","item":"https:\/\/www.indigobe.com\/blog\/"},{"@type":"ListItem","position":2,"name":"Casa"}]},{"@type":"WebSite","@id":"https:\/\/www.indigobe.com\/pt\/#website","url":"https:\/\/www.indigobe.com\/pt\/","name":"Indigobe","description":"","publisher":{"@id":"https:\/\/www.indigobe.com\/pt\/#organization"},"potentialAction":[{"@type":"SearchAction","target":{"@type":"EntryPoint","urlTemplate":"https:\/\/www.indigobe.com\/pt\/?s={search_term_string}"},"query-input":{"@type":"PropertyValueSpecification","valueRequired":true,"valueName":"search_term_string"}}],"inLanguage":"pt-PT"},{"@type":"Organization","@id":"https:\/\/www.indigobe.com\/pt\/#organization","name":"Indigobe","url":"https:\/\/www.indigobe.com\/pt\/","logo":{"@type":"ImageObject","inLanguage":"pt-PT","@id":"https:\/\/www.indigobe.com\/pt\/#\/schema\/logo\/image\/","url":"https:\/\/www.indigobe.com\/wp-content\/uploads\/2023\/01\/cropped-logo.png","contentUrl":"https:\/\/www.indigobe.com\/wp-content\/uploads\/2023\/01\/cropped-logo.png","width":112,"height":74,"caption":"Indigobe"},"image":{"@id":"https:\/\/www.indigobe.com\/pt\/#\/schema\/logo\/image\/"}}]}},"_links":{"self":[{"href":"https:\/\/www.indigobe.com\/pt\/wp-json\/wp\/v2\/pages\/9939","targetHints":{"allow":["GET"]}}],"collection":[{"href":"https:\/\/www.indigobe.com\/pt\/wp-json\/wp\/v2\/pages"}],"about":[{"href":"https:\/\/www.indigobe.com\/pt\/wp-json\/wp\/v2\/types\/page"}],"author":[{"embeddable":true,"href":"https:\/\/www.indigobe.com\/pt\/wp-json\/wp\/v2\/users\/1"}],"replies":[{"embeddable":true,"href":"https:\/\/www.indigobe.com\/pt\/wp-json\/wp\/v2\/comments?post=9939"}],"version-history":[{"count":2,"href":"https:\/\/www.indigobe.com\/pt\/wp-json\/wp\/v2\/pages\/9939\/revisions"}],"predecessor-version":[{"id":11661,"href":"https:\/\/www.indigobe.com\/pt\/wp-json\/wp\/v2\/pages\/9939\/revisions\/11661"}],"wp:attachment":[{"href":"https:\/\/www.indigobe.com\/pt\/wp-json\/wp\/v2\/media?parent=9939"}],"curies":[{"name":"wp","href":"https:\/\/api.w.org\/{rel}","templated":true}]}}